{"id":330,"date":"2012-09-30T12:41:50","date_gmt":"2012-09-30T10:41:50","guid":{"rendered":"http:\/\/localhost\/Thomas\/?page_id=330"},"modified":"2019-09-06T09:30:11","modified_gmt":"2019-09-06T08:30:11","slug":"vita","status":"publish","type":"page","link":"https:\/\/thomasbartel.de\/?page_id=330","title":{"rendered":"Vita"},"content":{"rendered":"<figure id=\"attachment_647\" aria-describedby=\"caption-attachment-647\" style=\"width: 945px\" class=\"wp-caption alignnone\"><img loading=\"lazy\" class=\"size-full wp-image-647\" src=\"https:\/\/thomasbartel.de\/wp-content\/uploads\/2012\/09\/Atelier.jpg\" alt=\"\" width=\"945\" height=\"216\" srcset=\"https:\/\/thomasbartel.de\/wp-content\/uploads\/2012\/09\/Atelier.jpg 945w, https:\/\/thomasbartel.de\/wp-content\/uploads\/2012\/09\/Atelier-300x68.jpg 300w, https:\/\/thomasbartel.de\/wp-content\/uploads\/2012\/09\/Atelier-785x179.jpg 785w\" sizes=\"(max-width: 945px) 100vw, 945px\" \/><figcaption id=\"caption-attachment-647\" class=\"wp-caption-text\">Atelier<\/figcaption><\/figure>\n<p><a href=\"https:\/\/de.wikipedia.org\/wiki\/Thomas_Bartel\">Thomas Bartel <\/a><\/p>\n<p>wurde 1963 in Brandenburg an der Havel geboren. Seine erste Personalausstellung hatte Bartel 1991 in Berlin. Bartel erweiterte sein k\u00fcnstlerisches Spektrum stetig, Licht- und Klanginstallationen, Videoperformances, Fotografie und Kunst im \u00f6ffentlichen Raum brachten ihm Preise und weitere Personalausstellungen im In- und Ausland. Dazu kamen Installationen f\u00fcr fachdidaktische Zwecke verschiedener Museen in Deutschland.<\/p>\n<p><strong>Ausstellungen und Beteiligungen \u2013 eine Auswahl<\/strong><\/p>\n<p>2019<\/p>\n<ul>\n<li><a href=\"https:\/\/www.maz-online.de\/Lokales\/Brandenburg-Havel\/Wald-im-Dom-Blaetterdach-aus-Licht-in-spannender-Ausstellung\">Wald im Dom<\/a>, Dommuseum im Brandenburger Dom, Brandenburg an der Havel<\/li>\n<\/ul>\n<p>2018<\/p>\n<ul>\n<li>Lichtinszenierung <a href=\"https:\/\/www.maz-online.de\/Lokales\/Brandenburg-Havel\/Stadtwerke-werden-gruen\">&#8222;Katharinenkirche in Gr\u00fcn&#8220;<\/a>, Katharinenkirche, Brandenburg an der Havel<\/li>\n<li>Skulptur- und Lichtinstallation &#8222;Jene die aus dem S\u00fcden kamen&#8220;, Brandenburg an der Havel, Lehniner Kloster, T\u00f6plitz, Weseram<\/li>\n<li>Inszenierung der arch\u00e4ologischen Dauerausstellung &#8222;<a href=\"https:\/\/gotisches-haus.stadtmuseum-brandenburg.de\/\u00fcber-diese-ausstellung.html\">Alchemie und Alltag<\/a>&#8220; im Gotischen Haus, Brandenburg an der Havel<\/li>\n<\/ul>\n<p>2017<\/p>\n<ul>\n<li>AOK-Kunstpreis, Ausstellungsbeteiligung, Schwerin, Neubrandenburg, Teltow<\/li>\n<li>Ausstellungsbeteiligung &#8222;Kunstlicht&#8220;, K\u00fcnstlerhaus Rechenzentrum, Potsdam<\/li>\n<li>Ausstellungsbeteiligung, <a href=\"https:\/\/heimwerts-festival.de\/akteure\/2018\/thomas-bartel\/\">Kleinkunstfestival &#8222;heimWerts&#8220;<\/a>, Brandenburg an der Havel<\/li>\n<\/ul>\n<p>2016<\/p>\n<ul>\n<li>Personalausstellung &#8222;Also sprach Zarathustra&#8220;, Arch\u00e4ologisches Landesmuseum Brandenburg, Paulikloster<\/li>\n<li>Ausstellungsbeteiligung &#8222;Ich-Art&#8220;, Kunsthalle Brennabor, Brandenburg an der Havel<\/li>\n<\/ul>\n<p>2015<\/p>\n<ul>\n<li>Ausstellungsbeteiligung \u201estattbekannt\u201c, 150 Jahre Brandenburg in Bildern, Museum im Frey-Haus, Brandenburg an der Havel<\/li>\n<li>Informations- und Gedenkst\u00e4tte\u2028 Schlacht bei Wittstock 1636\u2028 Wittstock, Dosse, \u2028Teil der Dauerausstellung \/ RAUM DER STILLE \u00a0k\u00fcnstlerisch-skulpturale Inszenierung<\/li>\n<\/ul>\n<p>2014<\/p>\n<ul>\n<li>Erstellung eines <a href=\"https:\/\/www.world-architects.com\/nl\/atelier-bruckner-stuttgart\/project\/smac-staatliches-museum-fur-archaologie\">23 Meter hohen Stratigraphischen Gro\u00dfdioramas<\/a>, smac Staatliches Museum f\u00fcr Arch\u00e4ologie in Chemnitz<\/li>\n<\/ul>\n<p>2013<\/p>\n<ul>\n<li>k\u00fcnstlerische Inszenierung der Sonderausstellung \u201eSagenhafte Steinkreuze\u201c im Arch\u00e4ologischen Landesmuseum Brandenburg<\/li>\n<li>Kunst im \u00f6ffentlichen Raum, Erstellung des Videos Der Volksaufstand 1953 in Brandenburg an der Havel und Zuarbeit zu der Internetseite zum 60. Jahrestag des Volksaufstandes vom 17. \u00a0Juni 1953 in Brandenburg und Inszenierung von Stands\u00e4ulen im Stadtraum von Brandenburg f\u00fcr das Stadtmuseum Brandenburg<\/li>\n<\/ul>\n<p>2012<\/p>\n<ul>\n<li>Skulpturale Rauminstallation zur Sonderausstellung \u201e1636 &#8211; Ihre letzte Schlacht\u201c des Arch\u00e4ologischen Landesmuseums Brandenburg<\/li>\n<\/ul>\n<p>2011<\/p>\n<ul>\n<li>Beteiligung an der Ausschreibung des Skulpturenparks \u201cErlebnispark BUGA 2015 Stadt Premnitz\u201c<\/li>\n<li>K\u00fcnstlerische Lichtinszenierung der Katharinenkirche in Brandenburg im Zuge der Wanderausstellung \u201eRaubritter und sch\u00f6ne Madonnen\u201c, Brandenburg<\/li>\n<li>Inszenierung der Sonderausstellung \u201eOPAL\u201c im Arch\u00e4ologischen Landesmuseum Brandenburg<\/li>\n<\/ul>\n<p>2010<\/p>\n<ul>\n<li>Erstellung eines Stratigraphischen Gro\u00dfdioramas f\u00fcr das Arch\u00e4ologische Landesmuseum Brandenburg<\/li>\n<li>Kunst im \u00f6ffentlichen Raum, Kinetische Skulptur \u201eDer Seilt\u00e4nzer\u201c im Friedgarten des Pauliklosters, Brandenburg<\/li>\n<li>Multimediale Inszenierung der Sonderausstellung \u201eAckern \u2013 Fl\u00f6\u00dfen \u2013 Jagen\u201c im Arch\u00e4ologischen Landesmuseum Brandenburg<\/li>\n<\/ul>\n<p>2009<\/p>\n<ul>\n<li>Lichtkunstinstallation zum Festival f\u00fcr historischen Tanz in Athen, Griechenland<\/li>\n<li>Kunst im \u00f6ffentlichen Raum, Projektreihe \u201eKulturkiosk FORE!\u201c<\/li>\n<li>Kunst im \u00f6ffentlichen Raum, Lichtinstallation zur ukrainisch-deutschen Woche, Odessa, Ukraine<\/li>\n<\/ul>\n<p>2008<\/p>\n<ul>\n<li>Multimediale Inszenierung der Er\u00f6ffnungsveranstaltung des Arch\u00e4ologischen Landesmuseums Brandenburg<\/li>\n<\/ul>\n<p>2007<\/p>\n<ul>\n<li>850 Jahrfeier der Mark Brandenburg: Objektinstallationen \u201eWasserspiele\u201c und \u201eDom im Rahmen\u201c, Brandenburg<\/li>\n<\/ul>\n<p>2003<\/p>\n<ul>\n<li>Personalausstellung \u201eElisabethh\u00fctte Brandenburg\u201c, Industriemuseum Brandenburg<\/li>\n<li>Raum-, Licht-, Klanginstallation \u201eApokrypher \u00c4ther\u201c, Dommuseum Brandenburg<\/li>\n<\/ul>\n<p>2002<\/p>\n<ul>\n<li>Beteiligung <a href=\"https:\/\/www.buddy-baer.com\/de\/united-buddy-bears\/united-buddy-bears-show\/united-buddy-bears-show\/show\/berlin-2002\/uzbekistan-2002.html\">United Buddy Bears<\/a>, Pariser Platz, Berlin<\/li>\n<li>Stipendium u. Beteiligung an der Ausstellung \u201eMehr Licht! \u2013 Plus de lumi\u00e8re\u201c, Paris, Brandenburg<\/li>\n<li>Beteiligung am 4. Clubkunstfestival \u201e<a href=\"http:\/\/www.kunstoderkoenig.de\">Kunst oder K\u00f6nig<\/a>\u201c, Berlin<\/li>\n<li>Videoperformance im Casino, eastgallery, Berlin<\/li>\n<li>K\u00fcnstlerische Illumination zum \u201e8. Lichterfest\u201c im Palais des Gro\u00dfen Gartens in Dresden<\/li>\n<\/ul>\n<p>2001<\/p>\n<ul>\n<li>Personalausstellung \u201eAlso sprach Zarathustra\u201c in der Akademie der K\u00fcnste, Taschkent, Usbekistan<\/li>\n<li>Personalausstellung \u201eUsbekische Reiseskizzen\u201c, Brandenburger Theater, Brandenburg<\/li>\n<\/ul>\n<p>1994<\/p>\n<ul>\n<li>Beteiligung an der Ausstellung Kunstgleis, Brandenburg, Kaiserslautern, Braunschweig, Ivry-sur-Seine<\/li>\n<li>Fotoausstellung Rituale, F\u00f6rderpreis f\u00fcr Fotografie der Stadt Brandenburg\/Havel<\/li>\n<li>Beteiligung an der Ausstellung \u201cBauArt\u201d, Museum Junge Kunst, Frankfurt\/Oder<\/li>\n<\/ul>\n<p>&nbsp;<\/p>\n","protected":false},"excerpt":{"rendered":"<p>Thomas Bartel wurde 1963 in Brandenburg&hellip;<\/p>\n","protected":false},"author":1,"featured_media":0,"parent":0,"menu_order":0,"comment_status":"closed","ping_status":"closed","template":"","meta":[],"_links":{"self":[{"href":"https:\/\/thomasbartel.de\/index.php?rest_route=\/wp\/v2\/pages\/330"}],"collection":[{"href":"https:\/\/thomasbartel.de\/index.php?rest_route=\/wp\/v2\/pages"}],"about":[{"href":"https:\/\/thomasbartel.de\/index.php?rest_route=\/wp\/v2\/types\/page"}],"author":[{"embeddable":true,"href":"https:\/\/thomasbartel.de\/index.php?rest_route=\/wp\/v2\/users\/1"}],"replies":[{"embeddable":true,"href":"https:\/\/thomasbartel.de\/index.php?rest_route=%2Fwp%2Fv2%2Fcomments&post=330"}],"version-history":[{"count":65,"href":"https:\/\/thomasbartel.de\/index.php?rest_route=\/wp\/v2\/pages\/330\/revisions"}],"predecessor-version":[{"id":1727,"href":"https:\/\/thomasbartel.de\/index.php?rest_route=\/wp\/v2\/pages\/330\/revisions\/1727"}],"wp:attachment":[{"href":"https:\/\/thomasbartel.de\/index.php?rest_route=%2Fwp%2Fv2%2Fmedia&parent=330"}],"curies":[{"name":"wp","href":"https:\/\/api.w.org\/{rel}","templated":true}]}}